{"id":641,"date":"2021-06-25T19:54:20","date_gmt":"2021-06-25T10:54:20","guid":{"rendered":"https:\/\/randworks.co.jp\/?page_id=641"},"modified":"2023-02-10T14:25:28","modified_gmt":"2023-02-10T05:25:28","slug":"privacy-policy","status":"publish","type":"page","link":"https:\/\/randworks.co.jp\/fr\/privacy-policy\/","title":{"rendered":"Politique de confidentialit\u00e9"},"content":{"rendered":"\n<div class=\"is-layout-flex wp-container-4 wp-block-columns\">\n<div class=\"is-layout-flow wp-block-column\" style=\"flex-basis:100%\">\n<div class=\"is-layout-flex wp-container-2 wp-block-columns\">\n<div class=\"is-layout-flow wp-block-column\" style=\"flex-basis:100%\">\n<div class=\"wp-block-media-text alignwide is-vertically-aligned-center privacy-mark-desc\" style=\"grid-template-columns:15% auto\"><figure class=\"wp-block-media-text__media\"><img decoding=\"async\" src=\"https:\/\/randworks.co.jp\/mwehpwp\/wp-content\/uploads\/22000159_01_75_JP.gif\" alt=\"\" class=\"wp-image-371 size-full\"\/><\/figure><div class=\"wp-block-media-text__content\">\n<p class=\"has-normal-font-size\">Nous avons mis en place un programme de conformit\u00e9 pour la protection des informations personnelles conform\u00e9ment \u00e0 la norme JIS Q 15001 et avons \u00e9t\u00e9 approuv\u00e9s par le JIPDEC pour utiliser la \u00ab\u00a0Marque de confidentialit\u00e9\u00a0\u00bb en tant que soci\u00e9t\u00e9 qui traite les informations personnelles de mani\u00e8re appropri\u00e9e.<\/p>\n<\/div><\/div>\n<\/div>\n<\/div>\n<\/div>\n<\/div>\n\n\n\n<p class=\"has-text-align-right\">2015\/6\/5<br>Rand Works inc.<br>Keiichiro Suzuki<\/p>\n\n\n\n<h2>Politique de confidentialit\u00e9<\/h2>\n\n\n\n<p>Randworks inc. a \u00e9tabli une politique de confidentialit\u00e9 concernant les renseignements personnels obtenus dans le cadre de ses activit\u00e9s commerciales, et s&rsquo;engage \u00e0 prot\u00e9ger et \u00e0 mettre en \u0153uvre la protection des renseignements personnels qui lui sont confi\u00e9s.<\/p>\n\n\n\n<h3>1. Respect des lois et r\u00e8glements relatifs aux informations personnelles<\/h3>\n\n\n\n<p>Nous traitons les informations personnelles de nos clients conform\u00e9ment aux lois et r\u00e8glements, aux directives nationales et aux autres normes relatives au traitement des informations personnelles.<\/p>\n\n\n\n<h3>2. Collecte d&rsquo;informations personnelles<\/h3>\n\n\n\n<p>Nous recueillons les informations personnelles des clients dans la mesure o\u00f9 elles sont n\u00e9cessaires \u00e0 la r\u00e9alisation de diverses activit\u00e9s commerciales, \u00e0 l&rsquo;entretien et \u00e0 la gestion des biens immobiliers et autres actifs, ainsi qu&rsquo;\u00e0 d&rsquo;autres activit\u00e9s commerciales.<\/p>\n\n\n\n<h3>3. Utilisation des informations personnelles<\/h3>\n\n\n\n<p>Nous utilisons les informations personnelles dans la limite de ce qui est n\u00e9cessaire pour atteindre l&rsquo;objectif d&rsquo;utilisation indiqu\u00e9 au moment de l&rsquo;acquisition et dans le cadre de l&rsquo;exercice de nos activit\u00e9s, et nous ne les utilisons pas \u00e0 d&rsquo;autres fins. Nous prenons les mesures appropri\u00e9es \u00e0 cet effet. Lorsque nous confions le traitement d&rsquo;informations personnelles \u00e0 un tiers, nous s\u00e9lectionnons un contractant qui s\u2019engage \u00e0 traiter les informations personnelles de mani\u00e8re appropri\u00e9e. Nous contr\u00f4lons la bonne application des mesures de protection des donn\u00e9es et nous prenons toutes les mesures n\u00e9cessaires pour prot\u00e9ger les informations personnelles.<\/p>\n\n\n\n<h3>4\uff0eFourniture d&rsquo;informations personnelles \u00e0 des tiers<\/h3>\n\n\n\n<p>Nous ne fournissons pas d&rsquo;informations personnelles \u00e0 des tiers sans le consentement de la personne concern\u00e9e, sauf pour une utilisation dans le cadre de notre entreprise. Toutefois, ceci ne s&rsquo;applique pas lorsque la loi l&rsquo;exige, lorsqu&rsquo;il est n\u00e9cessaire de prot\u00e9ger la vie humaine ou la propri\u00e9t\u00e9, ou lorsqu&rsquo;il est n\u00e9cessaire de coop\u00e9rer avec la police, les tribunaux ou d&rsquo;autres autorit\u00e9s publiques.<\/p>\n\n\n\n<p><\/p>\n\n\n\n<p>Pour toute autre r\u00e9glementation concernant la protection des informations personnelles, veuillez nous contacter.<\/p>\n","protected":false},"excerpt":{"rendered":"<p>Nous avons mis en place un programme de conformit\u00e9 pour la protection des informations personnelles conform\u00e9ment \u00e0 la norme JIS Q 15001 et avons \u00e9t\u00e9 approuv\u00e9s par le JIPDEC pour utiliser la \u00ab\u00a0Marque de confidentialit\u00e9\u00a0\u00bb en tant que soci\u00e9t\u00e9 qui traite les informations personnelles de mani\u00e8re appropri\u00e9e. 2015\/6\/5Rand Works inc.Keiichiro Suzuki Politique de confidentialit\u00e9 Randworks [&hellip;]<\/p>\n","protected":false},"author":1,"featured_media":0,"parent":0,"menu_order":0,"comment_status":"closed","ping_status":"closed","template":"","meta":[],"_links":{"self":[{"href":"https:\/\/randworks.co.jp\/fr\/wp-json\/wp\/v2\/pages\/641"}],"collection":[{"href":"https:\/\/randworks.co.jp\/fr\/wp-json\/wp\/v2\/pages"}],"about":[{"href":"https:\/\/randworks.co.jp\/fr\/wp-json\/wp\/v2\/types\/page"}],"author":[{"embeddable":true,"href":"https:\/\/randworks.co.jp\/fr\/wp-json\/wp\/v2\/users\/1"}],"replies":[{"embeddable":true,"href":"https:\/\/randworks.co.jp\/fr\/wp-json\/wp\/v2\/comments?post=641"}],"version-history":[{"count":3,"href":"https:\/\/randworks.co.jp\/fr\/wp-json\/wp\/v2\/pages\/641\/revisions"}],"predecessor-version":[{"id":663,"href":"https:\/\/randworks.co.jp\/fr\/wp-json\/wp\/v2\/pages\/641\/revisions\/663"}],"wp:attachment":[{"href":"https:\/\/randworks.co.jp\/fr\/wp-json\/wp\/v2\/media?parent=641"}],"curies":[{"name":"wp","href":"https:\/\/api.w.org\/{rel}","templated":true}]}}